{"id":1983,"date":"2025-05-25T10:12:04","date_gmt":"2025-05-25T08:12:04","guid":{"rendered":"https:\/\/indonesiadreams.com\/?post_type=product&#038;p=1983"},"modified":"2025-06-22T11:17:02","modified_gmt":"2025-06-22T09:17:02","slug":"bali-adventure","status":"publish","type":"product","link":"https:\/\/indonesiadreams.com\/en\/product\/bali-adventure\/","title":{"rendered":"Bali 9 days Adventure"},"content":{"rendered":"<div data-elementor-type=\"wp-post\" data-elementor-id=\"1983\" class=\"elementor elementor-1983\">\n\t\t\t\t<div class=\"elementor-element elementor-element-3cbd3af2 e-flex e-con-boxed e-con e-parent\" data-id=\"3cbd3af2\" data-element_type=\"container\" data-e-type=\"container\">\n\t\t\t\t\t<div class=\"e-con-inner\">\n\t\t\t\t<div class=\"elementor-element elementor-element-ba79467 elementor-widget elementor-widget-html\" data-id=\"ba79467\" data-element_type=\"widget\" data-e-type=\"widget\" data-widget_type=\"html.default\">\n\t\t\t\t<div class=\"elementor-widget-container\">\n\t\t\t\t\t<style>\r\n.bali-faq-container {\r\n  max-width: 800px;\r\n  margin: 0 auto;\r\n  font-family: sans-serif;\r\n}\r\n\r\n.faq-intro {\r\n  font-style: italic;\r\n  margin-bottom: 25px;\r\n  line-height: 1.6;\r\n  color: #555;\r\n}\r\n\r\n.faq-main-title {\r\n  font-size: 1.5rem;\r\n  font-weight: 700;\r\n  margin: 30px 0 20px;\r\n  color: #333;\r\n}\r\n\r\n.faq-subtitle {\r\n  font-size: 1.3rem;\r\n  font-weight: 700;\r\n  margin: 15px 0;\r\n  color: #333;\r\n}\r\n\r\n.faq-week-title {\r\n  font-size: 1.3rem;\r\n  font-weight: 700;\r\n  margin: 25px 0 15px;\r\n  color: #333;\r\n}\r\n\r\n.faq-item {\r\n  border-bottom: 1px solid #eee;\r\n  padding: 18px 0;\r\n  cursor: pointer;\r\n}\r\n\r\n.faq-question {\r\n  font-weight: 700;\r\n  font-size: 1.1rem;\r\n  position: relative;\r\n  padding-right: 30px;\r\n  margin: 0;\r\n}\r\n\r\n.faq-question::after {\r\n  content: \"+\";\r\n  position: absolute;\r\n  right: 0;\r\n  top: 50%;\r\n  transform: translateY(-50%);\r\n  font-size: 1.4rem;\r\n  font-weight: 400;\r\n  transition: transform 0.4s ease;\r\n}\r\n\r\n.faq-item.active .faq-question::after {\r\n  content: \"\u2212\";\r\n  transform: translateY(-50%) rotate(180deg);\r\n}\r\n\r\n.faq-answer {\r\n  max-height: 0;\r\n  overflow: hidden;\r\n  transition: max-height 0.6s cubic-bezier(0.4, 0, 0.2, 1);\r\n  color: #555;\r\n  font-size: 1rem;\r\n  line-height: 1.7;\r\n  margin-top: 0;\r\n}\r\n\r\n.faq-item.active .faq-answer {\r\n  max-height: 2000px;\r\n  margin-top: 15px;\r\n}\r\n\r\n.include-title {\r\n  font-weight: 700;\r\n  margin: 10px 0;\r\n  display: block;\r\n}\r\n\r\n@media (max-width: 768px) {\r\n  .bali-faq-container {\r\n    padding: 0 15px;\r\n  }\r\n  \r\n  .faq-question {\r\n    font-size: 1rem;\r\n    padding-right: 25px;\r\n  }\r\n  \r\n  .faq-question::after {\r\n    font-size: 1.3rem;\r\n  }\r\n}\r\n<\/style>\r\n\r\n<div class=\"bali-faq-container\">\r\n  <div class=\"faq-intro\">\r\n    This description is intended to give you a first impression of the trip.<br>\r\n    Stay tuned and look forward to many more details on site, because soon, it will be more Colorful, more Intense, and more Lively.<br>\r\n    - Indonesia Dreams\r\n  <\/div>\r\n\r\n  <h4 class=\"faq-main-title\">\ud83e\udde1 Unser Tipp f\u00fcr die Aktivurlauber<\/h4>\r\n  <h5 class=\"faq-subtitle\">Paragliding, Delfine & Vulkane<\/h5>\r\n  <p>Bali intensiv: Mit dem Jetski \u00fcber's Meer, beim Rafting durch wilde Fl\u00fcsse, auf dem ATV durch den Dschungel und ganz fr\u00fch morgens mit dem Jeep auf den Vulkan Mount Batur. Tierische Highlights wie schwimmen & schnorcheln mit Delphinen und baden mit Elefanten runden das Programm ab. Perfekt f\u00fcr alle, die Abenteuer mit einzigartiger Natur kombinieren wollen!<\/p>\r\n\r\n  <h5 class=\"faq-week-title\">\ud83d\uddd3\ufe0f So sieht deine Abenteuerwoche auf Bali aus<\/h5>\r\n\r\n  <div class=\"faq-item\">\r\n    <div class=\"faq-question\">Day 1 Airport Pickup &amp; Chill<\/div>\r\n    <div class=\"faq-answer\">Nach deiner Landung wirst du von deinem Fahrer abgeholt und zur Unterkunft gebracht. Zeit zum Ankommen, erste Eindr\u00fccke sammeln, und am Pool oder am Strand relaxen. Willkommen auf Bali!<\/div>\r\n  <\/div>\r\n\r\n  <div class=\"faq-item\">\r\n    <div class=\"faq-question\">Tag 2 Jetski & Paragliding<\/div>\r\n    <div class=\"faq-answer\">Heute startest du direkt mit doppeltem Wasserspa\u00df: erst eine Runde Adrenalin beim Jetski fahren, dann schwebst du beim Paragliding \u00fcber die traumhafte K\u00fcste von S\u00fcdbali - ein unvergesslicher Blick \u00fcber Uluwatu und Co.!<\/div>\r\n  <\/div>\r\n\r\n  <div class=\"faq-item\">\r\n    <div class=\"faq-question\">Tag 3 ATV & Monkey Forest<\/div>\r\n    <div class=\"faq-answer\">Action trifft Natur! Du f\u00e4hrst mit einem eigenen Quad Bike durch Dschungel, Schlamm und kleine Fl\u00fcsse. Dabei wirst du nat\u00fcrlich gef\u00fchrt von erfahrenen Guides und auf Wunsch auch gefilmt. Danach geht's in den legend\u00e4ren Monkey Forest, wo du den frechen Bewohnern begegnest.<\/div>\r\n  <\/div>\r\n\r\n  <div class=\"faq-item\">\r\n    <div class=\"faq-question\">Tag 4 Rafting & Ubud<\/div>\r\n    <div class=\"faq-answer\">Heute geht's ab aufs Wasser: Du raftest durch gr\u00fcne Canyons und genie\u00dft danach die Ruhe von Ubuds Reisterrassen und Wasserf\u00e4llen. Ein Tag voller Gegens\u00e4tze.<\/div>\r\n  <\/div>\r\n\r\n  <div class=\"faq-item\">\r\n    <div class=\"faq-question\">Tag 5 Zoo & Elefanten<\/div>\r\n    <div class=\"faq-answer\">Heute wird's tierisch: Du besuchst einen lokalen Zoo mit einer riesigen Auswahl an exotischen Tieren und der M\u00f6glichkeit, mit Elefanten gemeinsam im Fluss zu baden - ein einzigartiges Erlebnis f\u00fcr Tierfreunde.<\/div>\r\n  <\/div>\r\n\r\n  <div class=\"faq-item\">\r\n    <div class=\"faq-question\">Tag 6 Mount Batur<\/div>\r\n    <div class=\"faq-answer\">Dein Fahrer bringt dich in den Norden Balis, wo bereits ein lokaler Guide mit einem Jeep auf euch wartet. Die Tour f\u00fchrt \u00fcber steile Pfade und durch eine eindrucksvolle Vulkanlandschaft. Ein echtes Offroad-Abenteuer!<br><br>\r\n    Oben auf dem aktiven Vulkan Mount Batur angekommen, erwartet dich ein spektakul\u00e4rer Blick \u00fcber Wolken, Krater, See und das Hochland Balis. Ein magischer Moment, der den Tag perfekt beginnen l\u00e4sst.<br><br>\r\n    Im Anschluss kannst du in den nahegelegenen hei\u00dfen Quellen entspannen und das Erlebte auf dich wirken lassen.<\/div>\r\n  <\/div>\r\n\r\n  <div class=\"faq-item\">\r\n    <div class=\"faq-question\">Tag 7 Delfine in Lovina<\/div>\r\n    <div class=\"faq-answer\">Heute gehst ganz weit in den Norden nach Lovina. Von dort aus mit dem Boot hinaus aufs Meer und mit ein bisschen Gl\u00fcck (sehr wahrscheinlich) k\u00f6nnt ihr Delfine in freier Wildbahn beobachten.<br><br>\r\n    Wenn ihr Lust habt, liegt Schnorchelausr\u00fcstung f\u00fcr euch bereit und ihr k\u00f6nnt vom Boot aus ins Meer springen und mit den Tieren die Zeit im Wasser genie\u00dfen. Ein magischer Moment!<\/div>\r\n  <\/div>\r\n\r\n  <div class=\"faq-item\">\r\n    <div class=\"faq-question\">Tag 8 Hangout & Chill<\/div>\r\n    <div class=\"faq-answer\">Nach all dem Adrenalin darfst du heute einfach entspannen an einem der sch\u00f6nsten Str\u00e4nde der Insel, mit Kokosnuss in der Hand oder bei einer Massage. Du hast es dir verdient!<\/div>\r\n  <\/div>\r\n\r\n  <div class=\"faq-item\">\r\n    <div class=\"faq-question\">Tag 9 Airport Drop Off<\/div>\r\n    <div class=\"faq-answer\">Deine Reise geht zu Ende - dein Fahrer bringt dich rechtzeitig zum Flughafen zur\u00fcck.<\/div>\r\n  <\/div>\r\n\r\n  <div class=\"faq-item\">\r\n    <div class=\"faq-question\">\u2705 This is all included in the price<\/div>\r\n    <div class=\"faq-answer\">\r\n      <span class=\"include-title\">\ud83d\ude90 Privatfahrer und Guide bei allen Aktivit\u00e4ten<\/span>\r\n      <span class=\"include-title\">\ud83c\udfcd\ufe0f Aktivit\u00e4ten laut Programm: Jetski, Paragliding, ATV, Rafting<\/span>\r\n      <span class=\"include-title\">\ud83d\udc12 Eintritte zu Monkey Forest & Zoo<\/span>\r\n      <span class=\"include-title\">\ud83d\udc18 Elefanten-Mudfun-Erlebnis<\/span>\r\n      <span class=\"include-title\">\ud83c\udf04 Mount Batur Sonnenaufgangstour (Jeepfahrt inklusive)<\/span>\r\n      <span class=\"include-title\">\ud83c\udf0a Delfin- und Schnorchelausflug inkl. Boot und Ausr\u00fcstung<\/span>\r\n      <span class=\"include-title\">\ud83c\udfe0 Unterkunft mit Klimaanlage<\/span>\r\n      <span class=\"include-title\">\ud83c\udfab Eintritt & Ausr\u00fcstung f\u00fcr alle Programmpunkte<\/span>\r\n      <span class=\"include-title\">\ud83d\udccb Packliste zur Vorbereitung<\/span>\r\n    <\/div>\r\n  <\/div>\r\n\r\n  <div class=\"faq-item\">\r\n    <div class=\"faq-question\">\u274c Not Included<\/div>\r\n    <div class=\"faq-answer\">\r\n      <span class=\"include-title\">\ud83c\udf7d\ufe0f Mahlzeiten (au\u00dfer am Zoo-Tag und wo angegeben)<\/span>\r\n      <span class=\"include-title\">\u2708\ufe0f Internationaler Flug nach\/von Bali (DPS)<\/span>\r\n      <span class=\"include-title\">\ud83d\udcb0 Personal expenses &amp; tips<\/span>\r\n    <\/div>\r\n  <\/div>\r\n\r\n  <div class=\"faq-item\">\r\n    <div class=\"faq-question\">\ud83d\udccc Important<\/div>\r\n    <div class=\"faq-answer\">\r\n      Einige Touren (z.B. Delfine oder Paragliding) sind wetterabh\u00e4ngig. Es kann sein, dass ihr die Aktivit\u00e4ten nicht in der angegeben Reihenfolge erlebt.<br><br>\r\n      You\u2019re welcome to choose different activities or make special requests during your trip. Please note that these adjustments may involve extra costs.<br><br>\r\n      You\u2019ll receive all the information in advance, including packing lists, meeting points, and schedules. We\u2019ll take care of all the itinerary for you.\r\n    <\/div>\r\n  <\/div>\r\n<\/div>\r\n\r\n<script>\r\ndocument.querySelectorAll('.faq-item').forEach(item => {\r\n  item.addEventListener('click', function() {\r\n    \/\/ Schlie\u00dfe alle anderen ge\u00f6ffneten Items\r\n    document.querySelectorAll('.faq-item').forEach(otherItem => {\r\n      if (otherItem !== this) {\r\n        otherItem.classList.remove('active');\r\n      }\r\n    });\r\n    \r\n    \/\/ \u00d6ffne\/Schlie\u00dfe aktuelles Item\r\n    this.classList.toggle('active');\r\n    \r\n    \/\/ Sanftes Scrollen zum Element\r\n    if (this.classList.contains('active')) {\r\n      const yOffset = -100; \r\n      const y = this.getBoundingClientRect().top + window.pageYOffset + yOffset;\r\n      window.scrollTo({top: y, behavior: 'smooth'});\r\n    }\r\n  });\r\n});\r\n<\/script>\t\t\t\t<\/div>\n\t\t\t\t<\/div>\n\t\t\t\t\t<\/div>\n\t\t\t\t<\/div>\n\t\t\t\t<\/div>","protected":false},"excerpt":{"rendered":"<p data-start=\"1473\" data-end=\"1628\"><span style=\"color: #339966;\"><strong>Shared accommodation &amp; SAVE 17%<\/strong><\/span><\/p>","protected":false},"featured_media":3679,"template":"","meta":{"site-sidebar-layout":"default","site-content-layout":"","ast-site-content-layout":"default","site-content-style":"default","site-sidebar-style":"default","ast-global-header-display":"","ast-banner-title-visibility":"","ast-main-header-display":"","ast-hfb-above-header-display":"","ast-hfb-below-header-display":"","ast-hfb-mobile-header-display":"","site-post-title":"","ast-breadcrumbs-content":"","ast-featured-img":"","footer-sml-layout":"","ast-disable-related-posts":"","theme-transparent-header-meta":"default","adv-header-id-meta":"","stick-header-meta":"","header-above-stick-meta":"","header-main-stick-meta":"","header-below-stick-meta":"","astra-migrate-meta-layouts":"set","ast-page-background-enabled":"default","ast-page-background-meta":{"desktop":{"background-color":"var(--ast-global-color-4)","background-image":"","background-repeat":"repeat","background-position":"center center","background-size":"auto","background-attachment":"scroll","background-type":"","background-media":"","overlay-type":"","overlay-color":"","overlay-opacity":"","overlay-gradient":""},"tablet":{"background-color":"","background-image":"","background-repeat":"repeat","background-position":"center center","background-size":"auto","background-attachment":"scroll","background-type":"","background-media":"","overlay-type":"","overlay-color":"","overlay-opacity":"","overlay-gradient":""},"mobile":{"background-color":"","background-image":"","background-repeat":"repeat","background-position":"center center","background-size":"auto","background-attachment":"scroll","background-type":"","background-media":"","overlay-type":"","overlay-color":"","overlay-opacity":"","overlay-gradient":""}},"ast-content-background-meta":{"desktop":{"background-color":"var(--ast-global-color-5)","background-image":"","background-repeat":"repeat","background-position":"center center","background-size":"auto","background-attachment":"scroll","background-type":"","background-media":"","overlay-type":"","overlay-color":"","overlay-opacity":"","overlay-gradient":""},"tablet":{"background-color":"var(--ast-global-color-5)","background-image":"","background-repeat":"repeat","background-position":"center center","background-size":"auto","background-attachment":"scroll","background-type":"","background-media":"","overlay-type":"","overlay-color":"","overlay-opacity":"","overlay-gradient":""},"mobile":{"background-color":"var(--ast-global-color-5)","background-image":"","background-repeat":"repeat","background-position":"center center","background-size":"auto","background-attachment":"scroll","background-type":"","background-media":"","overlay-type":"","overlay-color":"","overlay-opacity":"","overlay-gradient":""}}},"product_brand":[],"product_cat":[29],"product_tag":[],"class_list":{"0":"post-1983","1":"product","2":"type-product","3":"status-publish","4":"has-post-thumbnail","6":"product_cat-reisen","7":"desktop-align-center","8":"tablet-align-left","9":"mobile-align-left","11":"first","12":"instock","13":"purchasable","14":"product-type-variable"},"_links":{"self":[{"href":"https:\/\/indonesiadreams.com\/en\/wp-json\/wp\/v2\/product\/1983","targetHints":{"allow":["GET"]}}],"collection":[{"href":"https:\/\/indonesiadreams.com\/en\/wp-json\/wp\/v2\/product"}],"about":[{"href":"https:\/\/indonesiadreams.com\/en\/wp-json\/wp\/v2\/types\/product"}],"version-history":[{"count":0,"href":"https:\/\/indonesiadreams.com\/en\/wp-json\/wp\/v2\/product\/1983\/revisions"}],"wp:featuredmedia":[{"embeddable":true,"href":"https:\/\/indonesiadreams.com\/en\/wp-json\/wp\/v2\/media\/3679"}],"wp:attachment":[{"href":"https:\/\/indonesiadreams.com\/en\/wp-json\/wp\/v2\/media?parent=1983"}],"wp:term":[{"taxonomy":"product_brand","embeddable":true,"href":"https:\/\/indonesiadreams.com\/en\/wp-json\/wp\/v2\/product_brand?post=1983"},{"taxonomy":"product_cat","embeddable":true,"href":"https:\/\/indonesiadreams.com\/en\/wp-json\/wp\/v2\/product_cat?post=1983"},{"taxonomy":"product_tag","embeddable":true,"href":"https:\/\/indonesiadreams.com\/en\/wp-json\/wp\/v2\/product_tag?post=1983"}],"curies":[{"name":"wp","href":"https:\/\/api.w.org\/{rel}","templated":true}]}}