{"id":2426,"date":"2025-06-02T07:37:16","date_gmt":"2025-06-02T05:37:16","guid":{"rendered":"https:\/\/indonesiadreams.com\/?post_type=product&#038;p=2426"},"modified":"2025-06-22T16:17:00","modified_gmt":"2025-06-22T14:17:00","slug":"sumatra-7tage","status":"publish","type":"product","link":"https:\/\/indonesiadreams.com\/en\/product\/sumatra-7tage\/","title":{"rendered":"7 Days Sumatra Jungle"},"content":{"rendered":"<div data-elementor-type=\"wp-post\" data-elementor-id=\"2426\" class=\"elementor elementor-2426\">\n\t\t\t\t<div class=\"elementor-element elementor-element-57945a0 e-flex e-con-boxed e-con e-parent\" data-id=\"57945a0\" data-element_type=\"container\" data-e-type=\"container\">\n\t\t\t\t\t<div class=\"e-con-inner\">\n\t\t\t\t<div class=\"elementor-element elementor-element-7691f24 elementor-widget elementor-widget-html\" data-id=\"7691f24\" data-element_type=\"widget\" data-e-type=\"widget\" data-widget_type=\"html.default\">\n\t\t\t\t<div class=\"elementor-widget-container\">\n\t\t\t\t\t<style>\r\n.bali-faq-container {\r\n  max-width: 800px;\r\n  margin: 0 auto;\r\n  font-family: sans-serif;\r\n}\r\n\r\n.faq-intro {\r\n  font-style: italic;\r\n  margin-bottom: 25px;\r\n  line-height: 1.6;\r\n  color: #555;\r\n}\r\n\r\n.faq-main-title {\r\n  font-size: 1.5rem;\r\n  font-weight: 700;\r\n  margin: 30px 0 20px;\r\n  color: #333;\r\n}\r\n\r\n.faq-subtitle {\r\n  font-size: 1.3rem;\r\n  font-weight: 700;\r\n  margin: 15px 0;\r\n  color: #333;\r\n}\r\n\r\n.faq-highlight {\r\n  font-size: 1.3rem;\r\n  font-weight: 700;\r\n  margin: 25px 0 15px;\r\n  color: #333;\r\n}\r\n\r\n.faq-week-title {\r\n  font-size: 1.3rem;\r\n  font-weight: 700;\r\n  margin: 25px 0 15px;\r\n  color: #333;\r\n}\r\n\r\n.faq-item {\r\n  border-bottom: 1px solid #eee;\r\n  padding: 18px 0;\r\n  cursor: pointer;\r\n}\r\n\r\n.faq-question {\r\n  font-weight: 700;\r\n  font-size: 1.1rem;\r\n  position: relative;\r\n  padding-right: 30px;\r\n  margin: 0;\r\n}\r\n\r\n.faq-question::after {\r\n  content: \"+\";\r\n  position: absolute;\r\n  right: 0;\r\n  top: 50%;\r\n  transform: translateY(-50%);\r\n  font-size: 1.4rem;\r\n  font-weight: 400;\r\n  transition: transform 0.4s ease;\r\n}\r\n\r\n.faq-item.active .faq-question::after {\r\n  content: \"\u2212\";\r\n  transform: translateY(-50%) rotate(180deg);\r\n}\r\n\r\n.faq-answer {\r\n  max-height: 0;\r\n  overflow: hidden;\r\n  transition: max-height 0.6s cubic-bezier(0.4, 0, 0.2, 1);\r\n  color: #555;\r\n  font-size: 1rem;\r\n  line-height: 1.7;\r\n  margin-top: 0;\r\n}\r\n\r\n.faq-item.active .faq-answer {\r\n  max-height: 2000px;\r\n  margin-top: 15px;\r\n}\r\n\r\n.include-title {\r\n  font-weight: 700;\r\n  margin: 10px 0;\r\n  display: block;\r\n}\r\n\r\n.note-box {\r\n  background-color: #f8f9fa;\r\n  border-left: 4px solid #4CAF50;\r\n  padding: 10px 15px;\r\n  margin: 15px 0;\r\n}\r\n\r\n@media (max-width: 768px) {\r\n  .bali-faq-container {\r\n    padding: 0 15px;\r\n  }\r\n  \r\n  .faq-question {\r\n    font-size: 1rem;\r\n    padding-right: 25px;\r\n  }\r\n  \r\n  .faq-question::after {\r\n    font-size: 1.3rem;\r\n  }\r\n}\r\n<\/style>\r\n\r\n<div class=\"bali-faq-container\">\r\n  <div class=\"faq-intro\">\r\n    This description is intended to give you a first impression of the trip.<br>\r\n    Stay tuned and look forward to many more details on site, because soon, it will be more Colorful, more Intense, and more Lively.<br>\r\n    - Indonesia Dreams\r\n  <\/div>\r\n\r\n  <h4 class=\"faq-main-title\">\u2764\ufe0f Unser Favorit! Der Dschungel in Sumatra<\/h4>\r\n  <h5 class=\"faq-subtitle\">Urwald. Inseln. Elefanten.<\/h5>\r\n\r\n  <h5 class=\"faq-highlight\">\ud83c\udf34 Dein Highlight: Banana Island & Dschungel Trip<\/h5>\r\n  <p>Erlebe Sumatra hautnah mit tropischem Inselflair, Dschungel und herzlicher Gastfreundschaft. Du besuchst paradiesische Inseln wie Banana Island & Marisa, gleitest mit dem Boot \u00fcbers t\u00fcrkisfarbene Wasser, wanderst durch dichten Regenwald und begegnest sanften Riesen im Elefantenpark. Der Mix aus Action und Entspannung macht deine Woche unvergesslich.<\/p>\r\n\r\n  <h5 class=\"faq-week-title\">\ud83d\uddd3\ufe0f So sieht deine Woche auf Sumatra aus<\/h5>\r\n\r\n  <div class=\"faq-item\">\r\n    <div class=\"faq-question\">Anreise nach Sumatra<\/div>\r\n    <div class=\"faq-answer\">Den Flug bucht Ihr von Jakarta nach Bandar Lampung (TKG). Die Flieger gehen mehrmals am Tag und sind sehr erschwinglich. Bei eurer Ankunft erwartet euch bereits euer pers\u00f6nlicher Guide am Flughafen.<br><br>\r\n    Von dort aus geht's mit dem Auto (ca. 5 Stunden) nach Krui. Die Fahrt f\u00fchrt durch kleine D\u00f6rfer, vorbei an Reisfeldern und schlie\u00dflich mitten durch den dichten Dschungel. Fenster runter, Regenwaldger\u00e4usche an!<\/div>\r\n  <\/div>\r\n\r\n  <div class=\"faq-item\">\r\n    <div class=\"faq-question\">Day 1 Arrival &amp; Unwind<\/div>\r\n    <div class=\"faq-answer\">Willkommen in Krui! Heute hei\u00dft es erst mal ankommen, relaxen, Kokosn\u00fcsse schl\u00fcrfen und den paradiesischen Sandstrand auf der gegen\u00fcberliegenden Stra\u00dfenseite erkunden. Der perfekte Start ins Abenteuer.<\/div>\r\n  <\/div>\r\n\r\n  <div class=\"faq-item\">\r\n    <div class=\"faq-question\">Tag 2 Banana Island & Bootstour<\/div>\r\n    <div class=\"faq-answer\">Morgens geht's mit dem Boot die K\u00fcste entlang zur Insel \"Banana Island\". Dort legt ihr an und genie\u00dft erstmal euer Lunch. Dann werdet ihr mit euren Guides die Insel erkunden und je nach Wunsch schwimmen, schnorcheln oder einfach Sonne tanken.<\/div>\r\n  <\/div>\r\n\r\n  <div class=\"faq-item\">\r\n    <div class=\"faq-question\">Tag 3 Jungle Trip<\/div>\r\n    <div class=\"faq-answer\">Nach dem Fr\u00fchst\u00fcck geht's mit einem traditionellen Boot flussaufw\u00e4rts ins Dschungelinnere (n\u00e4he des Orts Biha).<br><br>\r\n    Von dort aus startet eurer Wanderung zu Fu\u00df durch den Regenwald. Ihr werdet von erfahrenen einheimischen Guides begleitet. Haltet Ausschau nach Affen, exotischen Pflanzen und seltenen V\u00f6geln.<br><br>\r\n    Mittagessen gibt's unterwegs am Naturpool nahe eines Wasserfalls.<br><br>\r\n    Die R\u00fcckreise am Nachmittag wird zu einem echten Erlebnis mit einer besonderen \u00dcberraschung, die wir euch gerne selbst erleben lassen.<br><br>\r\n    Danach geht's zur\u00fcck zur Unterkunft. Wenn Ihr Lust habt, k\u00f6nnt ihr mit dem Roller (vorab bei Buchung dazubuchen) die K\u00fcste auf eigene Faust erkunden.<\/div>\r\n  <\/div>\r\n\r\n  <div class=\"faq-item\">\r\n    <div class=\"faq-question\">Tag 4 Elefanten hautnah erleben<\/div>\r\n    <div class=\"faq-answer\">Heute besuchst du einen lokalen Elefantenpark. Dort kannst du die Tiere in nat\u00fcrlicher Umgebung beobachten und mit etwas Gl\u00fcck sogar f\u00fcttern oder ber\u00fchren.<br><br>\r\n    <strong>Wichtig:<\/strong> Der Park ist kein Zoo. Das Wohl der Tiere steht im Vordergrund. Ob direkter Kontakt m\u00f6glich ist, entscheiden die Pfleger je nach Stimmung der Tiere. Wir respektieren ihre Bed\u00fcrfnisse und bitten unsere G\u00e4ste um das Gleiche.<\/div>\r\n  <\/div>\r\n\r\n  <div class=\"faq-item\">\r\n    <div class=\"faq-question\">Tag 5 Marisa Island & Lunch am Wasser<\/div>\r\n    <div class=\"faq-answer\">Am Morgen bringt dich dein Guide zum Hafen. Mit dem Boot geht es zur ruhigen Insel Marisa bekannt f\u00fcr ihr kristallklares Wasser. Nach dem Mittagessen am Strand bleibt genug Zeit zum Baden, Chillen oder Fotografieren.<\/div>\r\n  <\/div>\r\n\r\n  <div class=\"faq-item\">\r\n    <div class=\"faq-question\">Tag 6 Sunset-Vibes<\/div>\r\n    <div class=\"faq-answer\">Heute habt ihr freie Wahl. Ihr k\u00f6nnt den Tag in der Unterkunft verbringen (Wundersch\u00f6ne Umgebung) oder einfach den Tag am Strand genie\u00dfen. H\u00e4ngematte, Meeresrauschen und der perfekte Sonnenuntergang warten auf euch.<\/div>\r\n  <\/div>\r\n\r\n  <div class=\"faq-item\">\r\n    <div class=\"faq-question\">Day 7 Return Journey<\/div>\r\n    <div class=\"faq-answer\">Wenn du dich f\u00fcr Variante B entscheidest, wirst du zum Flughafen in Krui gebracht und fliegst mit einer Propellermaschine nach Bandar Lampung oder du trittst die R\u00fcckreise mit dem Auto durch den Dschungel an.<br><br>\r\n    Ganz egal, wof\u00fcr du dich entscheidest, wir k\u00fcmmern uns um die gesamte Organisation vor Ort.<br><br>\r\n    Dein Part ist lediglich die Flugbuchung von und nach Bandar Lampung (TKG).<\/div>\r\n  <\/div>\r\n\r\n  <div class=\"faq-item\">\r\n    <div class=\"faq-question\">\u2705 This is all included in the price<\/div>\r\n    <div class=\"faq-answer\">\r\n      <span class=\"include-title\">\ud83d\udefb Alle Transfers mit privatem Fahrer<\/span>\r\n      <span class=\"include-title\">\ud83c\udfdd\ufe0f Alle Insel- und Bootsausfl\u00fcge laut Programm<\/span>\r\n      <span class=\"include-title\">\ud83c\udfe0 Unterkunft am Strand mit klimatisiertem Zimmer<\/span>\r\n      <span class=\"include-title\">\ud83e\udd5e Fr\u00fchst\u00fcck an allen Tagen<\/span>\r\n      <span class=\"include-title\">\ud83e\udda3 Eintritt & Besuch im Elefantenpark<\/span>\r\n      <span class=\"include-title\">\ud83c\udf34 Dschungel Trip kosten inklusive Guide und Bootsf\u00fchrer<\/span>\r\n      <span class=\"include-title\">\ud83d\udee9\ufe0f Fahrten vom Flughafen nach und von Krui<\/span>\r\n      <span class=\"include-title\">\ud83d\udccb Packliste f\u00fcr die wichtigsten Mitbringsel<\/span>\r\n      \r\n      <div class=\"note-box\">\r\n        <strong>\ud83d\udcdd Hinweis:<\/strong> Essen gibt's g\u00fcnstig in umliegenden Warungs. Deine Gastgeber beraten dich gerne!<br>\r\n        <strong>Bitte beachte:<\/strong> Die Unterk\u00fcnfte haben keine Warmwasserdusche.\r\n      <\/div>\r\n    <\/div>\r\n  <\/div>\r\n\r\n  <div class=\"faq-item\">\r\n    <div class=\"faq-question\">\u274c Not Included<\/div>\r\n    <div class=\"faq-answer\">\r\n      <span class=\"include-title\">\ud83c\udf7d\ufe0f Mittag- & Abendessen (au\u00dfer an erw\u00e4hnten Tagen)<\/span>\r\n      <span class=\"include-title\">\u2708\ufe0f Flug nach\/von Bandar Lampung (TKG)<\/span>\r\n      <span class=\"include-title\">\ud83d\udcb8 Pers\u00f6nliche Ausgaben & Trinkgelder<\/span>\r\n    <\/div>\r\n  <\/div>\r\n\r\n  <div class=\"faq-item\">\r\n    <div class=\"faq-question\">\ud83d\udccc Important<\/div>\r\n    <div class=\"faq-answer\">\r\n      Es kann sein, dass ihr die Aktivit\u00e4ten nicht in der angegeben Reihenfolge erlebt.<br><br>\r\n      Ihr bekommt vorab alle Infos zu Packliste, Treffpunkten & Uhrzeiten.<br><br>\r\n      Nach der Buchung k\u00fcmmern wir uns um alle Details und informieren euch fr\u00fchzeitig \u00fcber Zeiten und Details.\r\n    <\/div>\r\n  <\/div>\r\n<\/div>\r\n\r\n<script>\r\ndocument.querySelectorAll('.faq-item').forEach(item => {\r\n  item.addEventListener('click', function() {\r\n    \/\/ Schlie\u00dfe alle anderen ge\u00f6ffneten Items\r\n    document.querySelectorAll('.faq-item').forEach(otherItem => {\r\n      if (otherItem !== this) {\r\n        otherItem.classList.remove('active');\r\n      }\r\n    });\r\n    \r\n    \/\/ \u00d6ffne\/Schlie\u00dfe aktuelles Item\r\n    this.classList.toggle('active');\r\n    \r\n    \/\/ Sanftes Scrollen zum Element\r\n    if (this.classList.contains('active')) {\r\n      const yOffset = -100; \r\n      const y = this.getBoundingClientRect().top + window.pageYOffset + yOffset;\r\n      window.scrollTo({top: y, behavior: 'smooth'});\r\n    }\r\n  });\r\n});\r\n<\/script>\t\t\t\t<\/div>\n\t\t\t\t<\/div>\n\t\t\t\t\t<\/div>\n\t\t\t\t<\/div>\n\t\t\t\t<\/div>","protected":false},"excerpt":{"rendered":"<p><span style=\"color: #339966;\"><strong>Bucht jetzt zu zweit &amp; spart 29% !<\/strong><\/span><\/p>","protected":false},"featured_media":3615,"template":"","meta":{"site-sidebar-layout":"default","site-content-layout":"","ast-site-content-layout":"default","site-content-style":"default","site-sidebar-style":"default","ast-global-header-display":"","ast-banner-title-visibility":"","ast-main-header-display":"","ast-hfb-above-header-display":"","ast-hfb-below-header-display":"","ast-hfb-mobile-header-display":"","site-post-title":"","ast-breadcrumbs-content":"","ast-featured-img":"","footer-sml-layout":"","ast-disable-related-posts":"","theme-transparent-header-meta":"default","adv-header-id-meta":"","stick-header-meta":"","header-above-stick-meta":"","header-main-stick-meta":"","header-below-stick-meta":"","astra-migrate-meta-layouts":"set","ast-page-background-enabled":"default","ast-page-background-meta":{"desktop":{"background-color":"var(--ast-global-color-4)","background-image":"","background-repeat":"repeat","background-position":"center center","background-size":"auto","background-attachment":"scroll","background-type":"","background-media":"","overlay-type":"","overlay-color":"","overlay-opacity":"","overlay-gradient":""},"tablet":{"background-color":"","background-image":"","background-repeat":"repeat","background-position":"center center","background-size":"auto","background-attachment":"scroll","background-type":"","background-media":"","overlay-type":"","overlay-color":"","overlay-opacity":"","overlay-gradient":""},"mobile":{"background-color":"","background-image":"","background-repeat":"repeat","background-position":"center center","background-size":"auto","background-attachment":"scroll","background-type":"","background-media":"","overlay-type":"","overlay-color":"","overlay-opacity":"","overlay-gradient":""}},"ast-content-background-meta":{"desktop":{"background-color":"var(--ast-global-color-5)","background-image":"","background-repeat":"repeat","background-position":"center center","background-size":"auto","background-attachment":"scroll","background-type":"","background-media":"","overlay-type":"","overlay-color":"","overlay-opacity":"","overlay-gradient":""},"tablet":{"background-color":"var(--ast-global-color-5)","background-image":"","background-repeat":"repeat","background-position":"center center","background-size":"auto","background-attachment":"scroll","background-type":"","background-media":"","overlay-type":"","overlay-color":"","overlay-opacity":"","overlay-gradient":""},"mobile":{"background-color":"var(--ast-global-color-5)","background-image":"","background-repeat":"repeat","background-position":"center center","background-size":"auto","background-attachment":"scroll","background-type":"","background-media":"","overlay-type":"","overlay-color":"","overlay-opacity":"","overlay-gradient":""}}},"product_brand":[],"product_cat":[29],"product_tag":[],"class_list":{"0":"post-2426","1":"product","2":"type-product","3":"status-publish","4":"has-post-thumbnail","6":"product_cat-reisen","7":"desktop-align-center","8":"tablet-align-left","9":"mobile-align-left","11":"first","12":"instock","13":"purchasable","14":"product-type-variable"},"_links":{"self":[{"href":"https:\/\/indonesiadreams.com\/en\/wp-json\/wp\/v2\/product\/2426","targetHints":{"allow":["GET"]}}],"collection":[{"href":"https:\/\/indonesiadreams.com\/en\/wp-json\/wp\/v2\/product"}],"about":[{"href":"https:\/\/indonesiadreams.com\/en\/wp-json\/wp\/v2\/types\/product"}],"version-history":[{"count":0,"href":"https:\/\/indonesiadreams.com\/en\/wp-json\/wp\/v2\/product\/2426\/revisions"}],"wp:featuredmedia":[{"embeddable":true,"href":"https:\/\/indonesiadreams.com\/en\/wp-json\/wp\/v2\/media\/3615"}],"wp:attachment":[{"href":"https:\/\/indonesiadreams.com\/en\/wp-json\/wp\/v2\/media?parent=2426"}],"wp:term":[{"taxonomy":"product_brand","embeddable":true,"href":"https:\/\/indonesiadreams.com\/en\/wp-json\/wp\/v2\/product_brand?post=2426"},{"taxonomy":"product_cat","embeddable":true,"href":"https:\/\/indonesiadreams.com\/en\/wp-json\/wp\/v2\/product_cat?post=2426"},{"taxonomy":"product_tag","embeddable":true,"href":"https:\/\/indonesiadreams.com\/en\/wp-json\/wp\/v2\/product_tag?post=2426"}],"curies":[{"name":"wp","href":"https:\/\/api.w.org\/{rel}","templated":true}]}}