{"id":3052,"date":"2025-06-09T08:39:21","date_gmt":"2025-06-09T06:39:21","guid":{"rendered":"https:\/\/indonesiadreams.com\/?post_type=product&#038;p=3052"},"modified":"2025-06-24T14:11:27","modified_gmt":"2025-06-24T12:11:27","slug":"honda-cb-150x","status":"publish","type":"product","link":"https:\/\/indonesiadreams.com\/en\/product\/honda-cb-150x\/","title":{"rendered":"Honda CB 150X Premium"},"content":{"rendered":"<p data-start=\"249\" data-end=\"696\">Die Honda CB150X ist ein leichter Adventure-Tourer mit der Optik und dem Feeling einerReiseenduro \u2013 perfekt f\u00fcr Entdeckungstouren auf Bali. Mit ihrem zuverl\u00e4ssigen 150cc-Motor, erh\u00f6hter Bodenfreiheit, langem Federweg und aufrechter Sitzposition bietet sie Komfort und Kontrolle, selbst auf unbefestigten Stra\u00dfen. Ob durch Dschungelpfade, K\u00fcstenstra\u00dfen oder kurvige Bergstra\u00dfen \u2013 die CB150X bringt dich sicher und stilvoll ans Ziel.<\/p>\n<p data-start=\"200\" data-end=\"726\"><span style=\"font-size: 1.2em; font-weight: bold;\">Allgemeine Mietbedingungen<\/span><\/p>\n<p>Diese Bedingungen gelten f\u00fcr alle Roller-Mieten:<\/p>\n<p><strong>\ud83d\udce6 Inklusive Leistungen<\/strong><\/p>\n<ul>\n<li>Vollkaskoversicherung (Sch\u00e4den &amp; Diebstahl)<\/li>\n<li>Kostenlose Lieferung\/Abholung (innerhalb Sanur, Canggu, Uluwatu, Nusa Dua &amp; Ubud)<\/li>\n<li>2 Helme (auf Anfrage)<\/li>\n<li>Handyhalter &amp; Satteltaschen (auf Anfrage)<\/li>\n<\/ul>\n<p><strong>\u23f1 Mindestmietdauer &amp; Abrechnung<\/strong><\/p>\n<p>7 Tage Mindestmietzeit\u00a0(k\u00fcrzere Buchungen werden als 7 Tage berechnet)<\/p>\n<p>Beispiel:\u00a016 Tage = 3 Wochen (21 Tage)<\/p>\n<p>Betriebszeiten: 08:00 &#8211; 18:00 Uhr (Bali-Zeit)<\/p>\n<p><strong>\ud83d\udee1 Versicherung<\/strong><\/p>\n<p>Deckt:<\/p>\n<ul>\n<li>Unfallbedingte Sch\u00e4den\/Kratzer am Roller<\/li>\n<\/ul>\n<p>Deckt nicht:<\/p>\n<ul>\n<li>Personensch\u00e4den<\/li>\n<li>Drittsch\u00e4den<\/li>\n<li>Verluste (Helm, Schl\u00fcssel, Dokumente)<\/li>\n<li>Offroad-Fahrten &amp; Inselwechsel<\/li>\n<\/ul>\n<p><strong>\u2757 Wichtige Regeln<\/strong><\/p>\n<ul>\n<li>Keine Weitergabe\u00a0an Dritte<\/li>\n<li>Keine Fahrten\u00a0au\u00dferhalb Balis<\/li>\n<li>Volle Haftung\u00a0bei Regelverst\u00f6\u00dfen<\/li>\n<\/ul>\n<p><strong>\ud83c\udd98 Support<\/strong><\/p>\n<p>Kostenloser Pannenservice (08:00-18:00 Uhr) bei technischen Defekten<\/p>\n<p>Bei Verst\u00f6\u00dfen behalten wir uns die sofortige Abholung des Rollers und rechtliche Schritte vor.<\/p>","protected":false},"excerpt":{"rendered":"<p><span style=\"color: #339966;\"><strong>Jetzt 4 Wochen mieten und 45<span class=\"mord\">% sparen!<br \/>\n<\/span><\/strong><\/span><br \/>\nDamit du bestens gesch\u00fctzt bist, bieten wir <strong>ausschlie\u00dflich Wochenpakete<\/strong> mit Vollversicherung an.<\/p>\n<p>\ud83d\udcc5 <strong>Mindestmietdauer<\/strong>: 7 Tage<br \/>\n(K\u00fcrzere Buchungen werden als 7 Tage berechnet \u2013 z.\u202fB. 5 Tage = 1Woche)<\/p>\n<p><strong>\u2705 Alle unsere Bikes sind gr\u00fcndlich technisch gepr\u00fcft<\/strong><br \/>\n<strong>\u2705 Ohne Kaution<\/strong><br \/>\n\u2705 <strong>Inklusive Vollversicherung<\/strong><\/p>","protected":false},"featured_media":3318,"template":"","meta":{"site-sidebar-layout":"default","site-content-layout":"","ast-site-content-layout":"default","site-content-style":"default","site-sidebar-style":"default","ast-global-header-display":"","ast-banner-title-visibility":"","ast-main-header-display":"","ast-hfb-above-header-display":"","ast-hfb-below-header-display":"","ast-hfb-mobile-header-display":"","site-post-title":"","ast-breadcrumbs-content":"","ast-featured-img":"","footer-sml-layout":"","ast-disable-related-posts":"","theme-transparent-header-meta":"default","adv-header-id-meta":"","stick-header-meta":"","header-above-stick-meta":"","header-main-stick-meta":"","header-below-stick-meta":"","astra-migrate-meta-layouts":"set","ast-page-background-enabled":"default","ast-page-background-meta":{"desktop":{"background-color":"var(--ast-global-color-4)","background-image":"","background-repeat":"repeat","background-position":"center center","background-size":"auto","background-attachment":"scroll","background-type":"","background-media":"","overlay-type":"","overlay-color":"","overlay-opacity":"","overlay-gradient":""},"tablet":{"background-color":"","background-image":"","background-repeat":"repeat","background-position":"center center","background-size":"auto","background-attachment":"scroll","background-type":"","background-media":"","overlay-type":"","overlay-color":"","overlay-opacity":"","overlay-gradient":""},"mobile":{"background-color":"","background-image":"","background-repeat":"repeat","background-position":"center center","background-size":"auto","background-attachment":"scroll","background-type":"","background-media":"","overlay-type":"","overlay-color":"","overlay-opacity":"","overlay-gradient":""}},"ast-content-background-meta":{"desktop":{"background-color":"var(--ast-global-color-5)","background-image":"","background-repeat":"repeat","background-position":"center center","background-size":"auto","background-attachment":"scroll","background-type":"","background-media":"","overlay-type":"","overlay-color":"","overlay-opacity":"","overlay-gradient":""},"tablet":{"background-color":"var(--ast-global-color-5)","background-image":"","background-repeat":"repeat","background-position":"center center","background-size":"auto","background-attachment":"scroll","background-type":"","background-media":"","overlay-type":"","overlay-color":"","overlay-opacity":"","overlay-gradient":""},"mobile":{"background-color":"var(--ast-global-color-5)","background-image":"","background-repeat":"repeat","background-position":"center center","background-size":"auto","background-attachment":"scroll","background-type":"","background-media":"","overlay-type":"","overlay-color":"","overlay-opacity":"","overlay-gradient":""}}},"product_brand":[43],"product_cat":[41],"product_tag":[91,92,95,107,99,112,103,93,110,100,111,96,104,90,114,101,113,108,98,109,106,102,97,94,105],"class_list":{"0":"post-3052","1":"product","2":"type-product","3":"status-publish","4":"has-post-thumbnail","6":"product_brand-honda","7":"product_cat-mieten","8":"product_tag-150cc-motorcycle","9":"product_tag-adventure-bike","10":"product_tag-bali-motorbike-rental","11":"product_tag-bali-offroad","12":"product_tag-bike-for-two","13":"product_tag-dschungel-tour-bali","14":"product_tag-dual-sport-motorcycle","15":"product_tag-enduro-bali","16":"product_tag-gelaende-motorrad","17":"product_tag-high-ground-clearance","18":"product_tag-hohe-bodenfreiheit","19":"product_tag-honda-adventure","20":"product_tag-honda-cb-series150cc-motorrad","21":"product_tag-honda-cb150x","22":"product_tag-honda-tourer","23":"product_tag-jungle-trail-bike","24":"product_tag-kurvige-strassen","25":"product_tag-leichte-reiseenduro","26":"product_tag-lightweight-tourer","27":"product_tag-motorrad-fuer-2-personen","28":"product_tag-motorradverleih-bali","29":"product_tag-mountain-roads","30":"product_tag-off-road-bali","31":"product_tag-touring-bike","32":"product_tag-touring-motorrad","33":"desktop-align-center","34":"tablet-align-left","35":"mobile-align-left","37":"first","38":"instock","39":"purchasable","40":"product-type-variable"},"_links":{"self":[{"href":"https:\/\/indonesiadreams.com\/en\/wp-json\/wp\/v2\/product\/3052","targetHints":{"allow":["GET"]}}],"collection":[{"href":"https:\/\/indonesiadreams.com\/en\/wp-json\/wp\/v2\/product"}],"about":[{"href":"https:\/\/indonesiadreams.com\/en\/wp-json\/wp\/v2\/types\/product"}],"version-history":[{"count":0,"href":"https:\/\/indonesiadreams.com\/en\/wp-json\/wp\/v2\/product\/3052\/revisions"}],"wp:featuredmedia":[{"embeddable":true,"href":"https:\/\/indonesiadreams.com\/en\/wp-json\/wp\/v2\/media\/3318"}],"wp:attachment":[{"href":"https:\/\/indonesiadreams.com\/en\/wp-json\/wp\/v2\/media?parent=3052"}],"wp:term":[{"taxonomy":"product_brand","embeddable":true,"href":"https:\/\/indonesiadreams.com\/en\/wp-json\/wp\/v2\/product_brand?post=3052"},{"taxonomy":"product_cat","embeddable":true,"href":"https:\/\/indonesiadreams.com\/en\/wp-json\/wp\/v2\/product_cat?post=3052"},{"taxonomy":"product_tag","embeddable":true,"href":"https:\/\/indonesiadreams.com\/en\/wp-json\/wp\/v2\/product_tag?post=3052"}],"curies":[{"name":"wp","href":"https:\/\/api.w.org\/{rel}","templated":true}]}}