{"id":3066,"date":"2025-06-09T09:47:14","date_gmt":"2025-06-09T07:47:14","guid":{"rendered":"https:\/\/indonesiadreams.com\/?post_type=product&#038;p=3066"},"modified":"2025-06-24T13:53:36","modified_gmt":"2025-06-24T11:53:36","slug":"yamaha-n-max-2019","status":"publish","type":"product","link":"https:\/\/indonesiadreams.com\/en\/product\/yamaha-n-max-2019\/","title":{"rendered":"Yamaha N-Max 19 Comfort"},"content":{"rendered":"<p data-start=\"283\" data-end=\"717\">Der Yamaha NMAX 155 (Baujahr 2019) ist ein beliebter Maxi-Scooter, der Komfort, Leistung und Stil perfekt vereint. Ausgestattet mit einem zuverl\u00e4ssigen 155cc Blue Core-Motor, Scheibenbremsen vorne und hinten sowie einem gro\u00dfz\u00fcgigen Sitz f\u00fcr zwei Personen, ist er ideal f\u00fcr lange Strecken \u2013 egal ob Stadtverkehr oder K\u00fcstentour. Der flache Durchstieg, ein digitaler Tacho und viel Stauraum machen ihn besonders alltagstauglich.<\/p>\n<p data-start=\"164\" data-end=\"697\"><span style=\"font-size: 1.2em; font-weight: bold;\">Allgemeine Mietbedingungen<\/span><\/p>\n<p>Diese Bedingungen gelten f\u00fcr alle Roller-Mieten:<\/p>\n<p><strong>\ud83d\udce6 Inklusive Leistungen<\/strong><\/p>\n<ul>\n<li>Vollkaskoversicherung (Sch\u00e4den &amp; Diebstahl)<\/li>\n<li>Kostenlose Lieferung\/Abholung (innerhalb Sanur, Canggu, Uluwatu, Nusa Dua &amp; Ubud)<\/li>\n<li>2 Helme (auf Anfrage)<\/li>\n<li>Handyhalter &amp; Satteltaschen (auf Anfrage)<\/li>\n<\/ul>\n<p><strong>\u23f1 Mindestmietdauer &amp; Abrechnung<\/strong><\/p>\n<p>7 Tage Mindestmietzeit\u00a0(k\u00fcrzere Buchungen werden als 7 Tage berechnet)<\/p>\n<p>Beispiel:\u00a016 Tage = 3 Wochen (21 Tage)<\/p>\n<p>Betriebszeiten: 08:00 &#8211; 18:00 Uhr (Bali-Zeit)<\/p>\n<p><strong>\ud83d\udee1 Versicherung<\/strong><\/p>\n<p>Deckt:<\/p>\n<ul>\n<li>Unfallbedingte Sch\u00e4den\/Kratzer am Roller<\/li>\n<\/ul>\n<p>Deckt nicht:<\/p>\n<ul>\n<li>Personensch\u00e4den<\/li>\n<li>Drittsch\u00e4den<\/li>\n<li>Verluste (Helm, Schl\u00fcssel, Dokumente)<\/li>\n<li>Offroad-Fahrten &amp; Inselwechsel<\/li>\n<\/ul>\n<p><strong>\u2757 Wichtige Regeln<\/strong><\/p>\n<ul>\n<li>Keine Weitergabe\u00a0an Dritte<\/li>\n<li>Keine Fahrten\u00a0au\u00dferhalb Balis<\/li>\n<li>Volle Haftung\u00a0bei Regelverst\u00f6\u00dfen<\/li>\n<\/ul>\n<p><strong>\ud83c\udd98 Support<\/strong><\/p>\n<p>Kostenloser Pannenservice (08:00-18:00 Uhr) bei technischen Defekten<\/p>\n<p>Bei Verst\u00f6\u00dfen behalten wir uns die sofortige Abholung des Rollers und rechtliche Schritte vor.<\/p>","protected":false},"excerpt":{"rendered":"<p><span style=\"color: #339966;\"><strong>Jetzt 4 Wochen mieten und 41<span class=\"mord\">% sparen!<\/span><\/strong><\/span><\/p>\n<p>Damit du bestens gesch\u00fctzt bist, bieten wir <strong>ausschlie\u00dflich Wochenpakete<\/strong> mit Vollversicherung an.<\/p>\n<p>\ud83d\udcc5 <strong>Mindestmietdauer<\/strong>: 7 Tage<br \/>\n(K\u00fcrzere Buchungen werden als 7 Tage berechnet \u2013 z.\u202fB. 5 Tage = 1Woche)<\/p>\n<p><strong>\u2705 Alle unsere Bikes sind gr\u00fcndlich technisch gepr\u00fcft<\/strong><br \/>\n<strong>\u2705 Ohne Kaution<\/strong><br \/>\n\u2705 <strong>Inklusive Vollversicherung<\/strong><\/p>","protected":false},"featured_media":3325,"template":"","meta":{"site-sidebar-layout":"default","site-content-layout":"","ast-site-content-layout":"default","site-content-style":"default","site-sidebar-style":"default","ast-global-header-display":"","ast-banner-title-visibility":"","ast-main-header-display":"","ast-hfb-above-header-display":"","ast-hfb-below-header-display":"","ast-hfb-mobile-header-display":"","site-post-title":"","ast-breadcrumbs-content":"","ast-featured-img":"","footer-sml-layout":"","ast-disable-related-posts":"","theme-transparent-header-meta":"default","adv-header-id-meta":"","stick-header-meta":"","header-above-stick-meta":"","header-main-stick-meta":"","header-below-stick-meta":"","astra-migrate-meta-layouts":"set","ast-page-background-enabled":"default","ast-page-background-meta":{"desktop":{"background-color":"var(--ast-global-color-4)","background-image":"","background-repeat":"repeat","background-position":"center center","background-size":"auto","background-attachment":"scroll","background-type":"","background-media":"","overlay-type":"","overlay-color":"","overlay-opacity":"","overlay-gradient":""},"tablet":{"background-color":"","background-image":"","background-repeat":"repeat","background-position":"center center","background-size":"auto","background-attachment":"scroll","background-type":"","background-media":"","overlay-type":"","overlay-color":"","overlay-opacity":"","overlay-gradient":""},"mobile":{"background-color":"","background-image":"","background-repeat":"repeat","background-position":"center center","background-size":"auto","background-attachment":"scroll","background-type":"","background-media":"","overlay-type":"","overlay-color":"","overlay-opacity":"","overlay-gradient":""}},"ast-content-background-meta":{"desktop":{"background-color":"var(--ast-global-color-5)","background-image":"","background-repeat":"repeat","background-position":"center center","background-size":"auto","background-attachment":"scroll","background-type":"","background-media":"","overlay-type":"","overlay-color":"","overlay-opacity":"","overlay-gradient":""},"tablet":{"background-color":"var(--ast-global-color-5)","background-image":"","background-repeat":"repeat","background-position":"center center","background-size":"auto","background-attachment":"scroll","background-type":"","background-media":"","overlay-type":"","overlay-color":"","overlay-opacity":"","overlay-gradient":""},"mobile":{"background-color":"var(--ast-global-color-5)","background-image":"","background-repeat":"repeat","background-position":"center center","background-size":"auto","background-attachment":"scroll","background-type":"","background-media":"","overlay-type":"","overlay-color":"","overlay-opacity":"","overlay-gradient":""}}},"product_brand":[115],"product_cat":[41],"product_tag":[174,173,64,118,128,69,71,121,130,177,133,120,141,84,175,74,172,52,129,176,142,178,63,72,123,67,82,134,179,171],"class_list":{"0":"post-3066","1":"product","2":"type-product","3":"status-publish","4":"has-post-thumbnail","6":"product_brand-yamaha","7":"product_cat-mieten","8":"product_tag-155cc-roller","9":"product_tag-155cc-scooter","10":"product_tag-bali-scooter-rental","11":"product_tag-blue-core-engine","12":"product_tag-blue-core-motor","13":"product_tag-city-scooter","14":"product_tag-comfortable-scooter","15":"product_tag-digital-dashboard","16":"product_tag-digitaler-tacho","17":"product_tag-disc-brakes-front-and-rear","18":"product_tag-flacher-einstieg","19":"product_tag-fuel-efficient-scooter","20":"product_tag-grosser-stauraum","21":"product_tag-komfortabler-roller","22":"product_tag-maxi-scooter","23":"product_tag-modern-scooter","24":"product_tag-nmax-2019","25":"product_tag-roller-fuer-2-personen","26":"product_tag-rollervermietung-bali","27":"product_tag-scheibenbremsen-vorne-und-hinten","28":"product_tag-scooter-for-two","29":"product_tag-step-through-design","30":"product_tag-touring-scooter","31":"product_tag-under-seat-storage","32":"product_tag-urban-ride","33":"product_tag-usb-charging-port","34":"product_tag-usb-ladeanschluss","35":"product_tag-yamaha-matic","36":"product_tag-yamaha-n-max","37":"product_tag-yamaha-nmax-155","38":"desktop-align-center","39":"tablet-align-left","40":"mobile-align-left","42":"first","43":"instock","44":"purchasable","45":"product-type-variable"},"_links":{"self":[{"href":"https:\/\/indonesiadreams.com\/en\/wp-json\/wp\/v2\/product\/3066","targetHints":{"allow":["GET"]}}],"collection":[{"href":"https:\/\/indonesiadreams.com\/en\/wp-json\/wp\/v2\/product"}],"about":[{"href":"https:\/\/indonesiadreams.com\/en\/wp-json\/wp\/v2\/types\/product"}],"version-history":[{"count":0,"href":"https:\/\/indonesiadreams.com\/en\/wp-json\/wp\/v2\/product\/3066\/revisions"}],"wp:featuredmedia":[{"embeddable":true,"href":"https:\/\/indonesiadreams.com\/en\/wp-json\/wp\/v2\/media\/3325"}],"wp:attachment":[{"href":"https:\/\/indonesiadreams.com\/en\/wp-json\/wp\/v2\/media?parent=3066"}],"wp:term":[{"taxonomy":"product_brand","embeddable":true,"href":"https:\/\/indonesiadreams.com\/en\/wp-json\/wp\/v2\/product_brand?post=3066"},{"taxonomy":"product_cat","embeddable":true,"href":"https:\/\/indonesiadreams.com\/en\/wp-json\/wp\/v2\/product_cat?post=3066"},{"taxonomy":"product_tag","embeddable":true,"href":"https:\/\/indonesiadreams.com\/en\/wp-json\/wp\/v2\/product_tag?post=3066"}],"curies":[{"name":"wp","href":"https:\/\/api.w.org\/{rel}","templated":true}]}}