{"id":3083,"date":"2025-06-09T10:04:10","date_gmt":"2025-06-09T08:04:10","guid":{"rendered":"https:\/\/indonesiadreams.com\/?post_type=product&#038;p=3083"},"modified":"2025-06-24T13:10:53","modified_gmt":"2025-06-24T11:10:53","slug":"honda-pcx-2019-150cc","status":"publish","type":"product","link":"https:\/\/indonesiadreams.com\/en\/product\/honda-pcx-2019-150cc\/","title":{"rendered":"Honda PCX 19 150cc Comfort"},"content":{"rendered":"<p data-start=\"317\" data-end=\"767\">Der Honda PCX 150 aus dem Jahr 2019 ist ein bew\u00e4hrter, komfortabler Mittelklasse-Scooter mit edlem Design und effizientem 150cc-Motor. Er bietet einen flachen Durchstieg, einen gro\u00dfz\u00fcgigen Stauraum unter dem Sitz und ausreichend Leistung f\u00fcr Stadtfahrten sowie l\u00e4ngere Strecken. Durch seinen leisen Motorlauf und die stabile Federung eignet sich der PCX ideal f\u00fcr Fahrten zu zweit \u2013 ob durch Ubud, entlang der K\u00fcste oder ins Landesinnere.<\/p>\n<p data-start=\"164\" data-end=\"697\"><span style=\"font-size: 1.2em; font-weight: bold;\">Allgemeine Mietbedingungen<\/span><\/p>\n<p>Diese Bedingungen gelten f\u00fcr alle Roller-Mieten:<\/p>\n<p><strong>\ud83d\udce6 Inklusive Leistungen<\/strong><\/p>\n<ul>\n<li>Vollkaskoversicherung (Sch\u00e4den &amp; Diebstahl)<\/li>\n<li>Kostenlose Lieferung\/Abholung (innerhalb Sanur, Canggu, Uluwatu, Nusa Dua &amp; Ubud)<\/li>\n<li>2 Helme (auf Anfrage)<\/li>\n<li>Handyhalter &amp; Satteltaschen (auf Anfrage)<\/li>\n<\/ul>\n<p><strong>\u23f1 Mindestmietdauer &amp; Abrechnung<\/strong><\/p>\n<p>7 Tage Mindestmietzeit\u00a0(k\u00fcrzere Buchungen werden als 7 Tage berechnet)<\/p>\n<p>Beispiel:\u00a016 Tage = 3 Wochen (21 Tage)<\/p>\n<p>Betriebszeiten: 08:00 &#8211; 18:00 Uhr (Bali-Zeit)<\/p>\n<p><strong>\ud83d\udee1 Versicherung<\/strong><\/p>\n<p>Deckt:<\/p>\n<ul>\n<li>Unfallbedingte Sch\u00e4den\/Kratzer am Roller<\/li>\n<\/ul>\n<p>Deckt nicht:<\/p>\n<ul>\n<li>Personensch\u00e4den<\/li>\n<li>Drittsch\u00e4den<\/li>\n<li>Verluste (Helm, Schl\u00fcssel, Dokumente)<\/li>\n<li>Offroad-Fahrten &amp; Inselwechsel<\/li>\n<\/ul>\n<p><strong>\u2757 Wichtige Regeln<\/strong><\/p>\n<ul>\n<li>Keine Weitergabe\u00a0an Dritte<\/li>\n<li>Keine Fahrten\u00a0au\u00dferhalb Balis<\/li>\n<li>Volle Haftung\u00a0bei Regelverst\u00f6\u00dfen<\/li>\n<\/ul>\n<p><strong>\ud83c\udd98 Support<\/strong><\/p>\n<p>Kostenloser Pannenservice (08:00-18:00 Uhr) bei technischen Defekten<\/p>\n<p>Bei Verst\u00f6\u00dfen behalten wir uns die sofortige Abholung des Rollers und rechtliche Schritte vor.<\/p>","protected":false},"excerpt":{"rendered":"<p><span style=\"color: #339966;\"><strong>Jetzt 4 Wochen mieten und 43<span class=\"mord\">% sparen!<br \/>\n<\/span><\/strong><\/span><br \/>\nDamit du bestens gesch\u00fctzt bist, bieten wir <strong>ausschlie\u00dflich Wochenpakete<\/strong> mit Vollversicherung an.<\/p>\n<p>\ud83d\udcc5 <strong>Mindestmietdauer<\/strong>: 7 Tage<br \/>\n(K\u00fcrzere Buchungen werden als 7 Tage berechnet \u2013 z.\u202fB. 5 Tage = 1Woche)<\/p>\n<p><strong>\u2705 Alle unsere Bikes sind gr\u00fcndlich technisch gepr\u00fcft<\/strong><br \/>\n<strong>\u2705 Ohne Kaution<\/strong><br \/>\n\u2705 <strong>Inklusive Vollversicherung<\/strong><\/p>","protected":false},"featured_media":3360,"template":"","meta":{"site-sidebar-layout":"default","site-content-layout":"","ast-site-content-layout":"default","site-content-style":"default","site-sidebar-style":"default","ast-global-header-display":"","ast-banner-title-visibility":"","ast-main-header-display":"","ast-hfb-above-header-display":"","ast-hfb-below-header-display":"","ast-hfb-mobile-header-display":"","site-post-title":"","ast-breadcrumbs-content":"","ast-featured-img":"","footer-sml-layout":"","ast-disable-related-posts":"","theme-transparent-header-meta":"default","adv-header-id-meta":"","stick-header-meta":"","header-above-stick-meta":"","header-main-stick-meta":"","header-below-stick-meta":"","astra-migrate-meta-layouts":"set","ast-page-background-enabled":"default","ast-page-background-meta":{"desktop":{"background-color":"var(--ast-global-color-4)","background-image":"","background-repeat":"repeat","background-position":"center center","background-size":"auto","background-attachment":"scroll","background-type":"","background-media":"","overlay-type":"","overlay-color":"","overlay-opacity":"","overlay-gradient":""},"tablet":{"background-color":"","background-image":"","background-repeat":"repeat","background-position":"center center","background-size":"auto","background-attachment":"scroll","background-type":"","background-media":"","overlay-type":"","overlay-color":"","overlay-opacity":"","overlay-gradient":""},"mobile":{"background-color":"","background-image":"","background-repeat":"repeat","background-position":"center center","background-size":"auto","background-attachment":"scroll","background-type":"","background-media":"","overlay-type":"","overlay-color":"","overlay-opacity":"","overlay-gradient":""}},"ast-content-background-meta":{"desktop":{"background-color":"var(--ast-global-color-5)","background-image":"","background-repeat":"repeat","background-position":"center center","background-size":"auto","background-attachment":"scroll","background-type":"","background-media":"","overlay-type":"","overlay-color":"","overlay-opacity":"","overlay-gradient":""},"tablet":{"background-color":"var(--ast-global-color-5)","background-image":"","background-repeat":"repeat","background-position":"center center","background-size":"auto","background-attachment":"scroll","background-type":"","background-media":"","overlay-type":"","overlay-color":"","overlay-opacity":"","overlay-gradient":""},"mobile":{"background-color":"var(--ast-global-color-5)","background-image":"","background-repeat":"repeat","background-position":"center center","background-size":"auto","background-attachment":"scroll","background-type":"","background-media":"","overlay-type":"","overlay-color":"","overlay-opacity":"","overlay-gradient":""}}},"product_brand":[43],"product_cat":[41],"product_tag":[210,211,64,200,71,133,120,141,206,202,209,84,205,160,212,175,74,86,208,52,129,142,213,178,63,72,198,67,82],"class_list":{"0":"post-3083","1":"product","2":"type-product","3":"status-publish","4":"has-post-thumbnail","6":"product_brand-honda","7":"product_cat-mieten","8":"product_tag-150cc-roller","9":"product_tag-150cc-scooter","10":"product_tag-bali-scooter-rental","11":"product_tag-city-cruiser","12":"product_tag-comfortable-scooter","13":"product_tag-flacher-einstieg","14":"product_tag-fuel-efficient-scooter","15":"product_tag-grosser-stauraum","16":"product_tag-honda-matic","17":"product_tag-honda-pcx","18":"product_tag-honda-pcx-2019","19":"product_tag-komfortabler-roller","20":"product_tag-led-lights","21":"product_tag-led-beleuchtung","22":"product_tag-leiser-motor","23":"product_tag-maxi-scooter","24":"product_tag-modern-scooter","25":"product_tag-moderner-roller","26":"product_tag-pcx-150","27":"product_tag-roller-fuer-2-personen","28":"product_tag-rollervermietung-bali","29":"product_tag-scooter-for-two","30":"product_tag-smooth-engine","31":"product_tag-step-through-design","32":"product_tag-touring-scooter","33":"product_tag-under-seat-storage","34":"product_tag-urban-scooter","35":"product_tag-usb-charging-port","36":"product_tag-usb-ladeanschluss","37":"desktop-align-center","38":"tablet-align-left","39":"mobile-align-left","41":"first","42":"instock","43":"purchasable","44":"product-type-variable"},"_links":{"self":[{"href":"https:\/\/indonesiadreams.com\/en\/wp-json\/wp\/v2\/product\/3083","targetHints":{"allow":["GET"]}}],"collection":[{"href":"https:\/\/indonesiadreams.com\/en\/wp-json\/wp\/v2\/product"}],"about":[{"href":"https:\/\/indonesiadreams.com\/en\/wp-json\/wp\/v2\/types\/product"}],"version-history":[{"count":0,"href":"https:\/\/indonesiadreams.com\/en\/wp-json\/wp\/v2\/product\/3083\/revisions"}],"wp:featuredmedia":[{"embeddable":true,"href":"https:\/\/indonesiadreams.com\/en\/wp-json\/wp\/v2\/media\/3360"}],"wp:attachment":[{"href":"https:\/\/indonesiadreams.com\/en\/wp-json\/wp\/v2\/media?parent=3083"}],"wp:term":[{"taxonomy":"product_brand","embeddable":true,"href":"https:\/\/indonesiadreams.com\/en\/wp-json\/wp\/v2\/product_brand?post=3083"},{"taxonomy":"product_cat","embeddable":true,"href":"https:\/\/indonesiadreams.com\/en\/wp-json\/wp\/v2\/product_cat?post=3083"},{"taxonomy":"product_tag","embeddable":true,"href":"https:\/\/indonesiadreams.com\/en\/wp-json\/wp\/v2\/product_tag?post=3083"}],"curies":[{"name":"wp","href":"https:\/\/api.w.org\/{rel}","templated":true}]}}