{"id":3118,"date":"2025-06-09T10:32:10","date_gmt":"2025-06-09T08:32:10","guid":{"rendered":"https:\/\/indonesiadreams.com\/?post_type=product&#038;p=3118"},"modified":"2025-06-24T11:20:33","modified_gmt":"2025-06-24T09:20:33","slug":"yamaha-x-max-2019-250cc","status":"publish","type":"product","link":"https:\/\/indonesiadreams.com\/en\/product\/yamaha-x-max-2019-250cc\/","title":{"rendered":"Yamaha X-Max 20 250cc Premium"},"content":{"rendered":"<p data-start=\"167\" data-end=\"667\">Unser Yamaha X-Max 250cc ist der Premium-Scooter f\u00fcr alle, die auf Bali nicht nur mobil, sondern auch komfortabel und kraftvoll unterwegs sein m\u00f6chten. Mit seinem durchzugsstarken 250cc-Motor, stabilem Fahrwerk und gro\u00dfz\u00fcgigem Stauraum ist der X-Max ideal f\u00fcr l\u00e4ngere Strecken, Tagesausfl\u00fcge und Fahrten zu zweit \u2013 auch mit Gep\u00e4ck. Baujahr 2019 bedeutet moderne Technik, ABS-Bremssystem und ein sportlich-elegantes Design.<\/p>\n<p data-start=\"200\" data-end=\"726\"><span style=\"font-size: 1.2em; font-weight: bold;\">Allgemeine Mietbedingungen<\/span><\/p>\n<p>Diese Bedingungen gelten f\u00fcr alle Roller-Mieten:<\/p>\n<p><strong>\ud83d\udce6 Inklusive Leistungen<\/strong><\/p>\n<ul>\n<li>Vollkaskoversicherung (Sch\u00e4den &amp; Diebstahl)<\/li>\n<li>Kostenlose Lieferung\/Abholung (innerhalb Sanur, Canggu, Uluwatu, Nusa Dua &amp; Ubud)<\/li>\n<li>2 Helme (auf Anfrage)<\/li>\n<li>Handyhalter &amp; Satteltaschen (auf Anfrage)<\/li>\n<\/ul>\n<p><strong>\u23f1 Mindestmietdauer &amp; Abrechnung<\/strong><\/p>\n<p>7 Tage Mindestmietzeit\u00a0(k\u00fcrzere Buchungen werden als 7 Tage berechnet)<\/p>\n<p>Beispiel:\u00a016 Tage = 3 Wochen (21 Tage)<\/p>\n<p>Betriebszeiten: 08:00 &#8211; 18:00 Uhr (Bali-Zeit)<\/p>\n<p><strong>\ud83d\udee1 Versicherung<\/strong><\/p>\n<p>Deckt:<\/p>\n<ul>\n<li>Unfallbedingte Sch\u00e4den\/Kratzer am Roller<\/li>\n<\/ul>\n<p>Deckt nicht:<\/p>\n<ul>\n<li>Personensch\u00e4den<\/li>\n<li>Drittsch\u00e4den<\/li>\n<li>Verluste (Helm, Schl\u00fcssel, Dokumente)<\/li>\n<li>Offroad-Fahrten &amp; Inselwechsel<\/li>\n<\/ul>\n<p><strong>\u2757 Wichtige Regeln<\/strong><\/p>\n<ul>\n<li>Keine Weitergabe\u00a0an Dritte<\/li>\n<li>Keine Fahrten\u00a0au\u00dferhalb Balis<\/li>\n<li>Volle Haftung\u00a0bei Regelverst\u00f6\u00dfen<\/li>\n<\/ul>\n<p><strong>\ud83c\udd98 Support<\/strong><\/p>\n<p>Kostenloser Pannenservice (08:00-18:00 Uhr) bei technischen Defekten<\/p>\n<p>Bei Verst\u00f6\u00dfen behalten wir uns die sofortige Abholung des Rollers und rechtliche Schritte vor.<\/p>","protected":false},"excerpt":{"rendered":"<p>Damit du bestens gesch\u00fctzt bist, bieten wir <strong>ausschlie\u00dflich Wochenpakete<\/strong> mit Vollversicherung an.<\/p>\n<p>\ud83d\udcc5 <strong>Mindestmietdauer<\/strong>: 7 Tage<br \/>\n(K\u00fcrzere Buchungen werden als 7 Tage berechnet \u2013 z.\u202fB. 5 Tage = 1Woche)<\/p>\n<p><strong>\u2705 Alle unsere Bikes sind gr\u00fcndlich technisch gepr\u00fcft<\/strong><br \/>\n<strong>\u2705 Ohne Kaution<\/strong><br \/>\n\u2705 <strong>Inklusive Vollversicherung<\/strong><\/p>","protected":false},"featured_media":3303,"template":"","meta":{"site-sidebar-layout":"default","site-content-layout":"","ast-site-content-layout":"default","site-content-style":"default","site-sidebar-style":"default","ast-global-header-display":"","ast-banner-title-visibility":"","ast-main-header-display":"","ast-hfb-above-header-display":"","ast-hfb-below-header-display":"","ast-hfb-mobile-header-display":"","site-post-title":"","ast-breadcrumbs-content":"","ast-featured-img":"","footer-sml-layout":"","ast-disable-related-posts":"","theme-transparent-header-meta":"default","adv-header-id-meta":"","stick-header-meta":"","header-above-stick-meta":"","header-main-stick-meta":"","header-below-stick-meta":"","astra-migrate-meta-layouts":"set","ast-page-background-enabled":"default","ast-page-background-meta":{"desktop":{"background-color":"var(--ast-global-color-4)","background-image":"","background-repeat":"repeat","background-position":"center center","background-size":"auto","background-attachment":"scroll","background-type":"","background-media":"","overlay-type":"","overlay-color":"","overlay-opacity":"","overlay-gradient":""},"tablet":{"background-color":"","background-image":"","background-repeat":"repeat","background-position":"center center","background-size":"auto","background-attachment":"scroll","background-type":"","background-media":"","overlay-type":"","overlay-color":"","overlay-opacity":"","overlay-gradient":""},"mobile":{"background-color":"","background-image":"","background-repeat":"repeat","background-position":"center center","background-size":"auto","background-attachment":"scroll","background-type":"","background-media":"","overlay-type":"","overlay-color":"","overlay-opacity":"","overlay-gradient":""}},"ast-content-background-meta":{"desktop":{"background-color":"var(--ast-global-color-5)","background-image":"","background-repeat":"repeat","background-position":"center center","background-size":"auto","background-attachment":"scroll","background-type":"","background-media":"","overlay-type":"","overlay-color":"","overlay-opacity":"","overlay-gradient":""},"tablet":{"background-color":"var(--ast-global-color-5)","background-image":"","background-repeat":"repeat","background-position":"center center","background-size":"auto","background-attachment":"scroll","background-type":"","background-media":"","overlay-type":"","overlay-color":"","overlay-opacity":"","overlay-gradient":""},"mobile":{"background-color":"var(--ast-global-color-5)","background-image":"","background-repeat":"repeat","background-position":"center center","background-size":"auto","background-attachment":"scroll","background-type":"","background-media":"","overlay-type":"","overlay-color":"","overlay-opacity":"","overlay-gradient":""}}},"product_brand":[115],"product_cat":[41],"product_tag":[263,259,183,289,253,141,294,250,296,175,287,295,288,52,290,145,63,286,291,293,292,285],"class_list":{"0":"post-3118","1":"product","2":"type-product","3":"status-publish","4":"has-post-thumbnail","6":"product_brand-yamaha","7":"product_cat-mieten","8":"product_tag-2-person-scooter","9":"product_tag-2019-roller","10":"product_tag-abs-brakes","11":"product_tag-abs-roller","12":"product_tag-automatic-scooter","13":"product_tag-grosser-stauraum","14":"product_tag-helmet-and-luggage-storage","15":"product_tag-komfortabler-scooter","16":"product_tag-long-distance-scooter","17":"product_tag-maxi-scooter","18":"product_tag-maxi-scooter-bali","19":"product_tag-premium-design","20":"product_tag-premium-roller","21":"product_tag-roller-fuer-2-personen","22":"product_tag-roller-fuer-lange-strecken","23":"product_tag-scooter-rental-bali","24":"product_tag-touring-scooter","25":"product_tag-xmax-250cc","26":"product_tag-yamaha-250-bali","27":"product_tag-yamaha-250cc","28":"product_tag-yamaha-roller-mieten","29":"product_tag-yamaha-x-max","30":"desktop-align-center","31":"tablet-align-left","32":"mobile-align-left","34":"first","35":"instock","36":"purchasable","37":"product-type-variable"},"_links":{"self":[{"href":"https:\/\/indonesiadreams.com\/en\/wp-json\/wp\/v2\/product\/3118","targetHints":{"allow":["GET"]}}],"collection":[{"href":"https:\/\/indonesiadreams.com\/en\/wp-json\/wp\/v2\/product"}],"about":[{"href":"https:\/\/indonesiadreams.com\/en\/wp-json\/wp\/v2\/types\/product"}],"version-history":[{"count":0,"href":"https:\/\/indonesiadreams.com\/en\/wp-json\/wp\/v2\/product\/3118\/revisions"}],"wp:featuredmedia":[{"embeddable":true,"href":"https:\/\/indonesiadreams.com\/en\/wp-json\/wp\/v2\/media\/3303"}],"wp:attachment":[{"href":"https:\/\/indonesiadreams.com\/en\/wp-json\/wp\/v2\/media?parent=3118"}],"wp:term":[{"taxonomy":"product_brand","embeddable":true,"href":"https:\/\/indonesiadreams.com\/en\/wp-json\/wp\/v2\/product_brand?post=3118"},{"taxonomy":"product_cat","embeddable":true,"href":"https:\/\/indonesiadreams.com\/en\/wp-json\/wp\/v2\/product_cat?post=3118"},{"taxonomy":"product_tag","embeddable":true,"href":"https:\/\/indonesiadreams.com\/en\/wp-json\/wp\/v2\/product_tag?post=3118"}],"curies":[{"name":"wp","href":"https:\/\/api.w.org\/{rel}","templated":true}]}}